{"id":2,"date":"2022-06-02T21:05:20","date_gmt":"2022-06-02T19:05:20","guid":{"rendered":"http:\/\/neskacreations.fr\/?page_id=2"},"modified":"2024-11-26T22:55:05","modified_gmt":"2024-11-26T21:55:05","slug":"page-d-exemple","status":"publish","type":"page","link":"https:\/\/neskacreations.fr\/","title":{"rendered":""},"content":{"rendered":"\n<figure class=\"wp-block-image size-large is-resized\"><img loading=\"lazy\" decoding=\"async\" width=\"1024\" height=\"1024\" src=\"http:\/\/neskacreations.fr\/wp-content\/uploads\/2022\/06\/Neska_Creations_Logo_FINAL_Fond_Transparent-1024x1024.png\" alt=\"\" class=\"wp-image-6\" style=\"width:245px;height:245px\" srcset=\"https:\/\/neskacreations.fr\/wp-content\/uploads\/2022\/06\/Neska_Creations_Logo_FINAL_Fond_Transparent-1024x1024.png 1024w, https:\/\/neskacreations.fr\/wp-content\/uploads\/2022\/06\/Neska_Creations_Logo_FINAL_Fond_Transparent-300x300.png 300w, https:\/\/neskacreations.fr\/wp-content\/uploads\/2022\/06\/Neska_Creations_Logo_FINAL_Fond_Transparent-100x100.png 100w, https:\/\/neskacreations.fr\/wp-content\/uploads\/2022\/06\/Neska_Creations_Logo_FINAL_Fond_Transparent-600x600.png 600w, https:\/\/neskacreations.fr\/wp-content\/uploads\/2022\/06\/Neska_Creations_Logo_FINAL_Fond_Transparent-150x150.png 150w, https:\/\/neskacreations.fr\/wp-content\/uploads\/2022\/06\/Neska_Creations_Logo_FINAL_Fond_Transparent-768x768.png 768w, https:\/\/neskacreations.fr\/wp-content\/uploads\/2022\/06\/Neska_Creations_Logo_FINAL_Fond_Transparent-1536x1536.png 1536w, https:\/\/neskacreations.fr\/wp-content\/uploads\/2022\/06\/Neska_Creations_Logo_FINAL_Fond_Transparent-2048x2048.png 2048w, https:\/\/neskacreations.fr\/wp-content\/uploads\/2022\/06\/Neska_Creations_Logo_FINAL_Fond_Transparent-1568x1568.png 1568w\" sizes=\"auto, (max-width: 1024px) 100vw, 1024px\" \/><\/figure>\n\n\n\n<blockquote class=\"wp-block-quote has-text-align-center is-style-large is-layout-flow wp-block-quote-is-layout-flow\">\n<p>Cr\u00e9ations fait main, coutures, gravures et personnalisations<\/p>\n<\/blockquote>\n\n\n\n<p class=\"has-text-align-center\"><strong><a href=\"https:\/\/neska-creations.sumupstore.com\/\" target=\"_blank\" rel=\"noreferrer noopener\"><font size=\"10\">Acc\u00e9der \u00e0 la boutique en ligne<\/font><\/a><\/strong><strong><br><\/strong>Retrouvez l&#8217;ensemble de mes cr\u00e9ations sur les r\u00e9seaux Facebook et Instagram<\/p>\n\n\n\n<hr class=\"wp-block-separator has-css-opacity is-style-default\"\/>\n\n\n<div class=\"wp-block-image\">\n<figure class=\"aligncenter size-full is-resized\"><a href=\"https:\/\/www.facebook.com\/neskacreations\"><img loading=\"lazy\" decoding=\"async\" width=\"561\" height=\"557\" src=\"http:\/\/neskacreations.fr\/wp-content\/uploads\/2022\/06\/facebook-1.png\" alt=\"\" class=\"wp-image-21\" style=\"width:41px;height:auto\" srcset=\"https:\/\/neskacreations.fr\/wp-content\/uploads\/2022\/06\/facebook-1.png 561w, https:\/\/neskacreations.fr\/wp-content\/uploads\/2022\/06\/facebook-1-100x100.png 100w, https:\/\/neskacreations.fr\/wp-content\/uploads\/2022\/06\/facebook-1-300x298.png 300w, https:\/\/neskacreations.fr\/wp-content\/uploads\/2022\/06\/facebook-1-150x150.png 150w\" sizes=\"auto, (max-width: 561px) 100vw, 561px\" \/><\/a><\/figure>\n<\/div>\n\n<div class=\"wp-block-image wp-duotone-unset-1\">\n<figure class=\"aligncenter size-full is-resized\"><a href=\"https:\/\/www.instagram.com\/neskacreations\/\"><img loading=\"lazy\" decoding=\"async\" width=\"561\" height=\"561\" src=\"http:\/\/neskacreations.fr\/wp-content\/uploads\/2022\/06\/instagram-2.png\" alt=\"\" class=\"wp-image-20\" style=\"width:39px;height:auto\" srcset=\"https:\/\/neskacreations.fr\/wp-content\/uploads\/2022\/06\/instagram-2.png 561w, https:\/\/neskacreations.fr\/wp-content\/uploads\/2022\/06\/instagram-2-300x300.png 300w, https:\/\/neskacreations.fr\/wp-content\/uploads\/2022\/06\/instagram-2-100x100.png 100w, https:\/\/neskacreations.fr\/wp-content\/uploads\/2022\/06\/instagram-2-150x150.png 150w\" sizes=\"auto, (max-width: 561px) 100vw, 561px\" \/><\/a><\/figure>\n<\/div>\n\n\n<p><\/p>\n","protected":false},"excerpt":{"rendered":"<p>Cr\u00e9ations fait main, coutures, gravures et personnalisations Acc\u00e9der \u00e0 la boutique en ligneRetrouvez l&#8217;ensemble de mes cr\u00e9ations sur les r\u00e9seaux Facebook et Instagram<\/p>\n","protected":false},"author":1,"featured_media":0,"parent":0,"menu_order":0,"comment_status":"closed","ping_status":"open","template":"","meta":{"footnotes":""},"class_list":["post-2","page","type-page","status-publish","hentry","entry"],"_links":{"self":[{"href":"https:\/\/neskacreations.fr\/index.php?rest_route=\/wp\/v2\/pages\/2","targetHints":{"allow":["GET"]}}],"collection":[{"href":"https:\/\/neskacreations.fr\/index.php?rest_route=\/wp\/v2\/pages"}],"about":[{"href":"https:\/\/neskacreations.fr\/index.php?rest_route=\/wp\/v2\/types\/page"}],"author":[{"embeddable":true,"href":"https:\/\/neskacreations.fr\/index.php?rest_route=\/wp\/v2\/users\/1"}],"replies":[{"embeddable":true,"href":"https:\/\/neskacreations.fr\/index.php?rest_route=%2Fwp%2Fv2%2Fcomments&post=2"}],"version-history":[{"count":13,"href":"https:\/\/neskacreations.fr\/index.php?rest_route=\/wp\/v2\/pages\/2\/revisions"}],"predecessor-version":[{"id":4031,"href":"https:\/\/neskacreations.fr\/index.php?rest_route=\/wp\/v2\/pages\/2\/revisions\/4031"}],"wp:attachment":[{"href":"https:\/\/neskacreations.fr\/index.php?rest_route=%2Fwp%2Fv2%2Fmedia&parent=2"}],"curies":[{"name":"wp","href":"https:\/\/api.w.org\/{rel}","templated":true}]}}